{"id":2223,"date":"2025-04-26T13:38:15","date_gmt":"2025-04-26T11:38:15","guid":{"rendered":"https:\/\/dev.olielpuig.com\/?page_id=2223"},"modified":"2025-05-12T13:53:34","modified_gmt":"2025-05-12T11:53:34","slug":"avisos-legals","status":"publish","type":"page","link":"https:\/\/olielpuig.com\/ca\/avisos-legals\/","title":{"rendered":"Avisos legals"},"content":{"rendered":"<div data-elementor-type=\"wp-page\" data-elementor-id=\"2223\" class=\"elementor elementor-2223\" data-elementor-post-type=\"page\">\n\t\t\t\t<div class=\"elementor-element elementor-element-40312f31 e-flex e-con-boxed e-con e-parent\" data-id=\"40312f31\" data-element_type=\"container\">\n\t\t\t\t\t<div class=\"e-con-inner\">\n\t\t\t\t<div class=\"elementor-element elementor-element-5047f6ca elementor-widget elementor-widget-text-editor\" data-id=\"5047f6ca\" data-element_type=\"widget\" data-widget_type=\"text-editor.default\">\n\t\t\t\t<div class=\"elementor-widget-container\">\n\t\t\t\t\t\t\t\t\t<p><strong>&nbsp;<\/strong><\/p>\n<h2><strong>AVISOS LEGALS<\/strong><\/h2>\n<p><strong>Per tal de donar efecte a l&#039;article 10 de la Llei 34\/2002, de Serveis de la Societat de la Informaci\u00f3 i de Comer\u00e7 Electr\u00f2nic, s&#039;informa als usuaris de les nostres dades:<\/strong><\/p>\n<p><span style=\"font-weight: bolder;\">Fiscals nom: OLI PUIG SL<\/span>&nbsp;a partir d&#039;ara el prove\u00efdor de serveis<\/p>\n<p><span style=\"font-weight: bolder;\">Nif:<\/span>&nbsp;B67090233<br><strong>Adre\u00e7a Postal:&nbsp;<\/strong>&nbsp;Cam\u00ed Can Puig, s\/n. Pol\u00edgon 6 Parcel\u00b7la 91, El Papiol, Barcelona<br><strong>Tel\u00e8fon:<\/strong>&nbsp;657 885 133<br><strong>E-Mail:&nbsp;<\/strong>hola@olielpuig.com<br><strong>Lloc Web:<\/strong>&nbsp;olielpuig.com<\/p>\n<p><strong>1.- OBJECTE<\/strong><\/p>\n<p><span style=\"font-weight: bold;\">OLI PUIG SL, amb nif B67090233<\/span>&nbsp;(d&#039;ara endavant el prestador) com a responsable del lloc web, posa a disposici\u00f3 dels usuaris el present document, per la qual es regula l&#039;\u00fas del lloc web olielpuig.com, amb la qual pretenem complir amb les obligacions que s&#039;estableixen en la Llei 34\/2002, de Serveis de la Societat de la Informaci\u00f3 i de Comer\u00e7 Electr\u00f2nic (LSSICE o LSSI),aix\u00ed com informar tots els usuaris de la web sobre all\u00f2 que les condicions d&#039;\u00fas del lloc web.<br>A trav\u00e9s de la Web,&nbsp;<strong>Prove\u00efdor<\/strong>&nbsp;proporciona als usuaris l&#039;acc\u00e9s i la utilitzaci\u00f3 de diversos serveis i continguts posats a disposici\u00f3 a trav\u00e9s de la web.<br>Qualsevol persona que accedeixi a aquest lloc web assumeix el paper d&#039;usuari (en endavant l&#039;usuari),i implica l&#039;acceptaci\u00f3 plena i sense reserves de totes i cadascuna de les disposicions incloses en aquest av\u00eds legal, aix\u00ed com qualsevol de les altres disposicions legals que li s\u00f3n d&#039;aplicaci\u00f3.<br>Com a usuaris, vost\u00e8 ha de llegir atentament aquest Av\u00eds Legal en qualsevol de les ocasions que v\u00e9nen a la web, ja que pot patir modificacions com el prestador es reserva el dret a modificar qualsevol tipus d&#039;informaci\u00f3 que pogu\u00e9s apar\u00e8ixer al lloc web, sense que hi hagi cap obligaci\u00f3 de pre-comunicar o informar els usuaris d&#039;aquestes obligacions, sent suficient amb la publicaci\u00f3 al lloc web del prestador.<\/p>\n<p><strong>2. CONDICIONS D&#039;ACC\u00c9S I \u00daS DEL LLOC WEB.<\/strong><\/p>\n<p><strong>2.1. Lliure acc\u00e9s i \u00fas del lloc web.<\/strong><br>La prestaci\u00f3 de serveis per part de&nbsp;<strong>Prove\u00efdor<\/strong>&nbsp;\u00e9s gratu\u00eft per a tots els Usuaris. No obstant aix\u00f2, alguns dels serveis subministrats pel prove\u00efdor a trav\u00e9s de la Web estan subjectes al pagament d&#039;un preu determinat per les condicions generals de la contractaci\u00f3.<\/p>\n<p><strong>2.2. Registre d&#039;usuari.<\/strong><br>En general la prestaci\u00f3 dels Serveis no exigeix la pr\u00e8via subscripci\u00f3 o registre dels Usuaris. Tot i aix\u00ed,&nbsp;<strong>Prove\u00efdor<\/strong>&nbsp;condiciona la utilitzaci\u00f3 d&#039;alguns dels serveis de la pr\u00e8via complementaci\u00f3 del corresponent registre d&#039;Usuari. Aquest registre s&#039;efectuar\u00e0 en la forma expressament indicada en el self service de la secci\u00f3.<\/p>\n<p><strong>2.3. L&#039;exactitud de la informaci\u00f3.<\/strong><br>Tota la informaci\u00f3 que faciliti l&#039;Usuari ha de ser vera\u00e7. A aquests efectes, l&#039;Usuari garanteix l&#039;autenticitat de les dades facilitades a trav\u00e9s de formularis per a la subscripci\u00f3 dels Serveis. Ser\u00e0 responsabilitat de l&#039;Usuari mantenir tota la informaci\u00f3 facilitada a&nbsp;<strong>Prove\u00efdor<\/strong>&nbsp;permanentment actualitzada de manera que respongui en tot moment a la seva situaci\u00f3 real. En qualsevol cas, l&#039;Usuari ser\u00e0 l&#039;\u00fanic responsable de les manifestacions falses o inexactes que realitzi i dels perjudicis causats per al prove\u00efdor o de tercers.<\/p>\n<p><strong>2.4. Els menors d&#039;edat.<\/strong><br>Per a la utilitzaci\u00f3 dels serveis, els menors sempre han d&#039;obtenir el consentiment previ dels seus pares, tutors o representants legals, que s\u00f3n en definitiva els responsables de tots els actes realitzats pels menors al seu c\u00e0rrec. La responsabilitat per a la determinaci\u00f3 de continguts espec\u00edfics a qu\u00e8 van arribar el m\u00e9s baix correspon a aquelles, que \u00e9s per aix\u00f2 que si teniu acc\u00e9s a continguts que no s\u00f3n adequats per a la Internet, vost\u00e8 haur\u00e0 d&#039;establir en els seus ordinadors mecanismes, en particular programes inform\u00e0tics, els filtres i els blocs, que hauria de limitar els continguts disponibles i, malgrat que no s\u00f3n infal\u00b7libles, s\u00f3n d&#039;especial utilitat per controlar i restringir els materials que hi poden accedir els menors.<\/p>\n<p><strong>2.5. Obligaci\u00f3 de fer un \u00fas correcte de la Web.<\/strong><br>L&#039;Usuari es compromet a utilitzar el lloc Web de conformitat amb la Llei i el present Av\u00eds Legal, aix\u00ed com amb la moral i els bons costums. A aquest efecte, l&#039;Usuari s&#039;abstindr\u00e0 d&#039;utilitzar la p\u00e0gina per a finalitats il\u00b7legals o prohibits, lesius dels drets i interessos de tercers, o que de qualsevol manera puguin danyar, inutilitzar, sobrecarregar, deteriorar o impedir la utilitzaci\u00f3 normal dels equips inform\u00e0tics o els documents, arxius i tota classe de continguts emmagatzemats en qualsevol equip inform\u00e0tic de prove\u00efdor.<br>En particular, i indicativa, per\u00f2 no exhaustiva, l&#039;Usuari es compromet a no transmetre, difondre o posar a disposici\u00f3 de tercers informacions, dades, continguts, missatges, gr\u00e0fics, dibuixos, arxius de so o imatge, fotografies, enregistraments, programari i, en general, qualsevol classe de material que:<br>(a) \u00e9s contrari, menyspreen o intents contra els drets fonamentals i les llibertats p\u00fabliques reconegudes constitucionalment, en els tractats internacionals i la resta de normativa aplicable;<br>(b) indueixin, incitin o promoguin actuacions delictives, denigrants, difamat\u00f2ries, violentes o, en general, contr\u00e0ries a la llei, a la moral i a l&#039;ordre p\u00fablic;<br>(c) indueixin, incitin o promoguin actuacions, actituds o pensaments que s\u00f3n discriminat\u00f2ries per ra\u00f3 de sexe, ra\u00e7a, religi\u00f3, creences, edat o condici\u00f3;<br>(d) \u00e9s contrari al dret a l&#039;honor, intimitat personal i familiar o la imatge de les persones;<br>(e) en qualsevol perjudiqui la credibilitat dels prove\u00efdors o de tercers; i<br>(f) constitueix il\u00b7l\u00edcita, enganyosa o deslleial.<\/p>\n<p><strong>3.- EXCLUSI\u00d3 DE GARANTIES I RESPONSABILITAT<\/strong><br>El prestador s&#039;eximeix de qualsevol tipus de responsabilitat derivada de la informaci\u00f3 publicada en el nostre lloc web, sempre que aquesta informaci\u00f3 hagi estat manipulada o introdu\u00efda per un tercer.<br>Aquest lloc web ha estat revisat i provat perqu\u00e8 funcioni correctament. En principi, pot garantir el correcte funcionament els 365 dies de l&#039;any, les 24 hores del dia. No obstant aix\u00f2, el prestador no descarta la possibilitat que hi hagi certs errors de programaci\u00f3, o que es produeixin les causes de for\u00e7a major, cat\u00e0strofes naturals, vagues, o circumst\u00e0ncies semblants que facin impossible l&#039;acc\u00e9s a la p\u00e0gina web.<br><strong>Prove\u00efdor<\/strong>&nbsp;no donen cap garantia ni es fa responsable o la responsable, en cap cas, dels danys i perjudicis de qualsevol naturalesa que puguin anar per la falta de disponibilitat, manteniment i efectiu funcionament de la web o els seus serveis i continguts; de l&#039;exist\u00e8ncia de virus, programes maliciosos o lesius en els continguts; de la il\u00b7l\u00edcit, negligent, fraudulent o contraris al present Av\u00eds Legal i condicions d&#039;\u00fas, o La falta de licitud, qualitat, fiabilitat, \u00fas i disponibilitat dels serveis prestats per tercers i gestos disposici\u00f3 dels usuaris en el lloc web.<br>El prestador no es fa responsable sota cap concepte dels danys i perjudicis que es puguin derivar de inadequat o il\u00b7l\u00edcit de la utilitzaci\u00f3 d&#039;aquest lloc web.<\/p>\n<p><strong>4.- Les COOKIES<\/strong><br>El lloc web del prestador pot utilitzar cookies (petits arxius d&#039;informaci\u00f3 que el servidor envia a l&#039;ordinador de qui accedeix a la p\u00e0gina) per dur a terme determinades funcions que s\u00f3n considerades imprescindibles per al correcte funcionament i visualitzaci\u00f3 del lloc. Les cookies utilitzades tenen, en qualsevol cas, car\u00e0cter temporal amb l&#039;\u00fanica finalitat de fer m\u00e9s efica\u00e7 la navegaci\u00f3, i desapareixen en acabar la sessi\u00f3 de l&#039;usuari.<br>En cap cas les galetes s&#039;utilitzen per recollir informaci\u00f3 de car\u00e0cter personal. Per a m\u00e9s informaci\u00f3, consulteu la nostra Galeta de la Pol\u00edtica.<\/p>\n<p><strong>5.- ELS ENLLA\u00c7OS (LINKS)<\/strong><br>Des de la p\u00e0gina web, \u00e9s possible que es redirigeixi a contingut patrocinat, anuncis i \/ o enlla\u00e7os d&#039;afiliats i \/ o llocs web de tercers. Entre els enlla\u00e7os proporcionats, hi ha la possibilitat d&#039;informar o es refereixen a productes i \/ o serveis de tercers. At\u00e8s que des de la web no pot controlar els continguts introdu\u00efts pels tercers, El prove\u00efdor no assumeix cap tipus de responsabilitat respecte a aquests continguts ni garanteix l&#039;experi\u00e8ncia, la integritat o la qualitat dels seus productes. En qualsevol cas, el prestador manifesta que no es procedir\u00e0 a la retirada immediata de qualsevol contingut que pogu\u00e9s contravenir la legislaci\u00f3 nacional o internacional, la moral o l&#039;ordre p\u00fablic, procedint a la retirada immediata de la redirecci\u00f3 a aquesta web, posant en coneixement de les autoritats competents el contingut en q\u00fcesti\u00f3.<br>El prestador pot haver publicat aquests enlla\u00e7os fins que s&#039;eliminen o susp\u00e8s pel prove\u00efdor o de l&#039;anunciant, i no respondr\u00e0, fins i tot si aquests anuncis poden ser indexat pels motors de cerca fora d&#039;aquesta web.<br>El prestador no es fa responsable de la informaci\u00f3 i continguts emmagatzemats en, incloent-hi per\u00f2 no limitat a, en f\u00f2rums, xats, generadors de blocs, comentaris, xarxes socials o qualsevol altre mitj\u00e0 que permeti a tercers publicar continguts de forma independent en la p\u00e0gina web del prestador. No obstant aix\u00f2 i en compliment del que disposa l&#039;art. 11 i 16 de la LSSICE, el prestador es posa a disposici\u00f3 de tots els usuaris, autoritats i forces de seguretat, i col * laborant activament en la retirada o, quan sigui necessari, el bloqueig de tots aquells continguts que poguessin afectar o contravenir la legislaci\u00f3 nacional, o internacional, drets de tercers o la moral i l&#039;ordre p\u00fablic. En el cas que l&#039;usuari consideri que pot ser que hi hagi algun contingut que pogu\u00e9s ser susceptible d&#039;aquesta classificaci\u00f3, si us plau, comuniqui de forma immediata a l&#039;administrador del lloc web.<br>No obstant aix\u00f2, El prestador informa que qualsevol contractual o extra contractual de la responsabilitat, l&#039;usuari pot subscriure amb tercers, d&#039;afiliats, o anunciants a trav\u00e9s de l&#039;enlla\u00e7 que ofereix aquest lloc web, ser\u00e0 v\u00e0lid \u00fanicament i exclusivament entre l&#039;usuari i l&#039;anunciant i \/ o tercera persona i El prove\u00efdor haur\u00e0 de tenir cap tipus de responsabilitat o de responsabilitat per qualsevol dany o perjudici que pogu\u00e9s derivar-se de la prestaci\u00f3 de serveis i \/ o la relaci\u00f3, contractual o extra contractual han de fer entre l&#039;usuari i l&#039;anunciant o els tercers contactat a trav\u00e9s d&#039;aquest portal el que el prove\u00efdor del servei actua \u00fanicament com a intermediari o mitj\u00e0 de publicitat.<\/p>\n<p><strong>6.- PROTECCI\u00d3 DE DADES DE CAR\u00c0CTER PERSONAL<\/strong><br>El prestador es troba profundament comprom\u00e8s amb el compliment de la normativa de protecci\u00f3 de dades personals i garanteix el compliment \u00edntegre de les obligacions disposades, aix\u00ed com la implementaci\u00f3 de les mesures de seguretat segons el Reglament Europeu de Protecci\u00f3 de dades i la normativa espanyola sobre protecci\u00f3 de dades. Per a m\u00e9s informaci\u00f3, veure la nostra Pol\u00edtica de Privadesa.<\/p>\n<p><strong>7. PROPIETAT INTEL\u00b7LECTUAL I INDUSTRIAL<\/strong><br>El lloc web, incloent, per\u00f2 no limitat a la seva programaci\u00f3, edici\u00f3, compilaci\u00f3 i altres elements necessaris per al seu funcionament, els dissenys, logotips, textos, fotografies i\/o gr\u00e0fics s\u00f3n propietat del prestador o, si escau, disposin de la llic\u00e8ncia o autoritzaci\u00f3 expressa per part dels autors. Tots els continguts del lloc web es troben degudament protegits per la normativa de propietat intel\u00b7lectual i industrial.<br>Independentment de la finalitat per a la qual fossin destinats, la reproducci\u00f3 total o parcial, \u00fas, distribuci\u00f3 i comunicaci\u00f3 p\u00fablica requereix autoritzaci\u00f3 pr\u00e8via per escrit per part del prestador. Qualsevol \u00fas no autoritzat pr\u00e8viament per part del prestador ser\u00e0 considerat un incompliment greu dels drets de propietat intel\u00b7lectual o industrial de l&#039;autor.<br>Els dissenys, logotips, text i\/o gr\u00e0fics aliens al prestador i que poguessin apar\u00e8ixer al lloc web, pertanyen als seus respectius propietaris, sent ells mateixos responsables de qualsevol possible controv\u00e8rsia que pugui succeir respecte a la mateixa. En qualsevol cas, el prestador ha expressa i pr\u00e8via autoritzaci\u00f3 de la mateixa.<br>El prestador reconeix a favor dels seus titulars els corresponents drets de propietat industrial i intel\u00b7lectual, no implicant la menci\u00f3 o aparici\u00f3 en el lloc web l&#039;exist\u00e8ncia de drets o cap responsabilitat del prestador sobre els mateixos, com tampoc recolzament, patrocini o recomanaci\u00f3 per part de la mateixa.<br>Per a realitzar qualsevol tipus d&#039;observaci\u00f3 respecte a possibles incompliments dels drets de propietat intel\u00b7lectual o industrial, aix\u00ed com sobre qualsevol dels continguts del lloc web, pot fer-ho a trav\u00e9s de l&#039;e-mail per sobre de revisi\u00f3.<\/p>\n<p><strong>8.- LLEI APLICABLE I JURISDICCI\u00d3<\/strong><br>Per a la resoluci\u00f3 de les controv\u00e8rsies o q\u00fcestions relacionades amb el present lloc web o de les activitats en aquest desenvolupades, ser\u00e0 d&#039;aplicaci\u00f3 la legislaci\u00f3 espanyola, a la qual les parts es sotmeten expressament, sent competents per a la resoluci\u00f3 de tots els conflictes derivats o relacionats amb el seu \u00fas dels Jutjats i tribunals de Barcelona<\/p>\n<p><!-- \/wp:paragraph --><\/p>\t\t\t\t\t\t\t\t<\/div>\n\t\t\t\t<\/div>\n\t\t\t\t\t<\/div>\n\t\t\t\t<\/div>\n\t\t\t\t<\/div>","protected":false},"excerpt":{"rendered":"<p>&nbsp; AVISOS LEGALES Con el fin de dar cumplimiento al art\u00edculo 10 de la Ley 34\/2002 de Servicios de la Sociedad de la Informaci\u00f3n y del Comercio Electr\u00f3nico, informamos a los usuarios de nuestros datos: Nombre fiscal: OLI EL PUIG SL&nbsp;a partir de ahora el prestador Identificaci\u00f3n fiscal:&nbsp;B67090233Direcci\u00f3n postal:&nbsp;&nbsp;Cam\u00ed Can Puig, s\/n. Pol\u00edgono 6 Parcela [&hellip;]<\/p>","protected":false},"author":1,"featured_media":0,"parent":0,"menu_order":0,"comment_status":"closed","ping_status":"closed","template":"page-templates\/template-default.php","meta":{"footnotes":""},"class_list":["post-2223","page","type-page","status-publish","hentry"],"yoast_head":"<!-- This site is optimized with the Yoast SEO plugin v25.0 - https:\/\/yoast.com\/wordpress\/plugins\/seo\/ -->\n<title>Avisos legales - Productora de aceite de oliva ecol\u00f3gico en Barcelona El Papiol<\/title>\n<meta name=\"robots\" content=\"index, follow, max-snippet:-1, max-image-preview:large, max-video-preview:-1\" \/>\n<link rel=\"canonical\" href=\"https:\/\/olielpuig.com\/ca\/avisos-legals\/\" \/>\n<meta property=\"og:locale\" content=\"ca_ES\" \/>\n<meta property=\"og:type\" content=\"article\" \/>\n<meta property=\"og:title\" content=\"Avisos legales - Productora de aceite de oliva ecol\u00f3gico en Barcelona El Papiol\" \/>\n<meta property=\"og:description\" content=\"&nbsp; AVISOS LEGALES Con el fin de dar cumplimiento al art\u00edculo 10 de la Ley 34\/2002 de Servicios de la Sociedad de la Informaci\u00f3n y del Comercio Electr\u00f3nico, informamos a los usuarios de nuestros datos: Nombre fiscal: OLI EL PUIG SL&nbsp;a partir de ahora el prestador Identificaci\u00f3n fiscal:&nbsp;B67090233Direcci\u00f3n postal:&nbsp;&nbsp;Cam\u00ed Can Puig, s\/n. Pol\u00edgono 6 Parcela [&hellip;]\" \/>\n<meta property=\"og:url\" content=\"https:\/\/olielpuig.com\/ca\/avisos-legals\/\" \/>\n<meta property=\"og:site_name\" content=\"Productora de aceite de oliva ecol\u00f3gico en Barcelona El Papiol\" \/>\n<meta property=\"article:modified_time\" content=\"2025-05-12T11:53:34+00:00\" \/>\n<meta name=\"twitter:card\" content=\"summary_large_image\" \/>\n<meta name=\"twitter:label1\" content=\"Temps estimat de lectura\" \/>\n\t<meta name=\"twitter:data1\" content=\"10 minuts\" \/>\n<script type=\"application\/ld+json\" class=\"yoast-schema-graph\">{\"@context\":\"https:\/\/schema.org\",\"@graph\":[{\"@type\":\"WebPage\",\"@id\":\"https:\/\/olielpuig.com\/avisos-legales\/\",\"url\":\"https:\/\/olielpuig.com\/avisos-legales\/\",\"name\":\"Avisos legales - Productora de aceite de oliva ecol\u00f3gico en Barcelona El Papiol\",\"isPartOf\":{\"@id\":\"https:\/\/olielpuig.com\/#website\"},\"datePublished\":\"2025-04-26T11:38:15+00:00\",\"dateModified\":\"2025-05-12T11:53:34+00:00\",\"breadcrumb\":{\"@id\":\"https:\/\/olielpuig.com\/avisos-legales\/#breadcrumb\"},\"inLanguage\":\"ca\",\"potentialAction\":[{\"@type\":\"ReadAction\",\"target\":[\"https:\/\/olielpuig.com\/avisos-legales\/\"]}]},{\"@type\":\"BreadcrumbList\",\"@id\":\"https:\/\/olielpuig.com\/avisos-legales\/#breadcrumb\",\"itemListElement\":[{\"@type\":\"ListItem\",\"position\":1,\"name\":\"Portada\",\"item\":\"https:\/\/olielpuig.com\/\"},{\"@type\":\"ListItem\",\"position\":2,\"name\":\"Avisos legales\"}]},{\"@type\":\"WebSite\",\"@id\":\"https:\/\/olielpuig.com\/#website\",\"url\":\"https:\/\/olielpuig.com\/\",\"name\":\"Productora de aceite de oliva ecol\u00f3gico en Barcelona El Papiol\",\"description\":\"En OLI EL PUIG, Productora de aceite de oliva en barcelona El Papiol, nos enorgullece presentarte un producto excepcional: nuestro aceite ecol\u00f3gico de oliva virgen extra, elaborado con esmero y pasi\u00f3n en las id\u00edlicas tierras de la Serra de Collserola, en El Papiol, Barcelona. Desde nuestros modestos comienzos plantando unos cuantos olivos, hemos cultivado y perfeccionado nuestro arte hasta convertirnos en referentes en la producci\u00f3n de aceite de calidad superior.\",\"potentialAction\":[{\"@type\":\"SearchAction\",\"target\":{\"@type\":\"EntryPoint\",\"urlTemplate\":\"https:\/\/olielpuig.com\/?s={search_term_string}\"},\"query-input\":{\"@type\":\"PropertyValueSpecification\",\"valueRequired\":true,\"valueName\":\"search_term_string\"}}],\"inLanguage\":\"ca\"}]}<\/script>\n<!-- \/ Yoast SEO plugin. -->","yoast_head_json":{"title":"Avisos legales - Productora de aceite de oliva ecol\u00f3gico en Barcelona El Papiol","robots":{"index":"index","follow":"follow","max-snippet":"max-snippet:-1","max-image-preview":"max-image-preview:large","max-video-preview":"max-video-preview:-1"},"canonical":"https:\/\/olielpuig.com\/ca\/avisos-legals\/","og_locale":"ca_ES","og_type":"article","og_title":"Avisos legales - Productora de aceite de oliva ecol\u00f3gico en Barcelona El Papiol","og_description":"&nbsp; AVISOS LEGALES Con el fin de dar cumplimiento al art\u00edculo 10 de la Ley 34\/2002 de Servicios de la Sociedad de la Informaci\u00f3n y del Comercio Electr\u00f3nico, informamos a los usuarios de nuestros datos: Nombre fiscal: OLI EL PUIG SL&nbsp;a partir de ahora el prestador Identificaci\u00f3n fiscal:&nbsp;B67090233Direcci\u00f3n postal:&nbsp;&nbsp;Cam\u00ed Can Puig, s\/n. Pol\u00edgono 6 Parcela [&hellip;]","og_url":"https:\/\/olielpuig.com\/ca\/avisos-legals\/","og_site_name":"Productora de aceite de oliva ecol\u00f3gico en Barcelona El Papiol","article_modified_time":"2025-05-12T11:53:34+00:00","twitter_card":"summary_large_image","twitter_misc":{"Temps estimat de lectura":"10 minuts"},"schema":{"@context":"https:\/\/schema.org","@graph":[{"@type":"WebPage","@id":"https:\/\/olielpuig.com\/avisos-legales\/","url":"https:\/\/olielpuig.com\/avisos-legales\/","name":"Avisos legales - Productora de aceite de oliva ecol\u00f3gico en Barcelona El Papiol","isPartOf":{"@id":"https:\/\/olielpuig.com\/#website"},"datePublished":"2025-04-26T11:38:15+00:00","dateModified":"2025-05-12T11:53:34+00:00","breadcrumb":{"@id":"https:\/\/olielpuig.com\/avisos-legales\/#breadcrumb"},"inLanguage":"ca","potentialAction":[{"@type":"ReadAction","target":["https:\/\/olielpuig.com\/avisos-legales\/"]}]},{"@type":"BreadcrumbList","@id":"https:\/\/olielpuig.com\/avisos-legales\/#breadcrumb","itemListElement":[{"@type":"ListItem","position":1,"name":"Portada","item":"https:\/\/olielpuig.com\/"},{"@type":"ListItem","position":2,"name":"Avisos legales"}]},{"@type":"WebSite","@id":"https:\/\/olielpuig.com\/#website","url":"https:\/\/olielpuig.com\/","name":"Productora de aceite de oliva ecol\u00f3gico en Barcelona El Papiol","description":"En OLI EL PUIG, Productora de aceite de oliva en barcelona El Papiol, nos enorgullece presentarte un producto excepcional: nuestro aceite ecol\u00f3gico de oliva virgen extra, elaborado con esmero y pasi\u00f3n en las id\u00edlicas tierras de la Serra de Collserola, en El Papiol, Barcelona. Desde nuestros modestos comienzos plantando unos cuantos olivos, hemos cultivado y perfeccionado nuestro arte hasta convertirnos en referentes en la producci\u00f3n de aceite de calidad superior.","potentialAction":[{"@type":"SearchAction","target":{"@type":"EntryPoint","urlTemplate":"https:\/\/olielpuig.com\/?s={search_term_string}"},"query-input":{"@type":"PropertyValueSpecification","valueRequired":true,"valueName":"search_term_string"}}],"inLanguage":"ca"}]}},"_links":{"self":[{"href":"https:\/\/olielpuig.com\/ca\/wp-json\/wp\/v2\/pages\/2223","targetHints":{"allow":["GET"]}}],"collection":[{"href":"https:\/\/olielpuig.com\/ca\/wp-json\/wp\/v2\/pages"}],"about":[{"href":"https:\/\/olielpuig.com\/ca\/wp-json\/wp\/v2\/types\/page"}],"author":[{"embeddable":true,"href":"https:\/\/olielpuig.com\/ca\/wp-json\/wp\/v2\/users\/1"}],"replies":[{"embeddable":true,"href":"https:\/\/olielpuig.com\/ca\/wp-json\/wp\/v2\/comments?post=2223"}],"version-history":[{"count":10,"href":"https:\/\/olielpuig.com\/ca\/wp-json\/wp\/v2\/pages\/2223\/revisions"}],"predecessor-version":[{"id":2280,"href":"https:\/\/olielpuig.com\/ca\/wp-json\/wp\/v2\/pages\/2223\/revisions\/2280"}],"wp:attachment":[{"href":"https:\/\/olielpuig.com\/ca\/wp-json\/wp\/v2\/media?parent=2223"}],"curies":[{"name":"wp","href":"https:\/\/api.w.org\/{rel}","templated":true}]}}