{"id":1199,"date":"2024-06-25T17:54:56","date_gmt":"2024-06-25T17:54:56","guid":{"rendered":"https:\/\/wp.pureit.pw\/techsen\/?page_id=1199"},"modified":"2025-05-12T13:15:39","modified_gmt":"2025-05-12T11:15:39","slug":"contacte","status":"publish","type":"page","link":"https:\/\/olielpuig.com\/ca\/contacte\/","title":{"rendered":"Contacte"},"content":{"rendered":"<div data-elementor-type=\"wp-page\" data-elementor-id=\"1199\" class=\"elementor elementor-1199\" data-elementor-post-type=\"page\">\n\t\t\t\t<div class=\"elementor-element elementor-element-df75b09 e-flex e-con-boxed e-con e-parent\" data-id=\"df75b09\" data-element_type=\"container\">\n\t\t\t\t\t<div class=\"e-con-inner\">\n\t\t\t\t<div class=\"elementor-element elementor-element-e2e78c5 elementor-widget elementor-widget-heading\" data-id=\"e2e78c5\" data-element_type=\"widget\" data-widget_type=\"heading.default\">\n\t\t\t\t<div class=\"elementor-widget-container\">\n\t\t\t\t\t<h2 class=\"elementor-heading-title elementor-size-default\">Est\u00e0s buscant on comprar el nostre oli ecol\u00f2gic?<\/h2>\t\t\t\t<\/div>\n\t\t\t\t<\/div>\n\t\t\t\t<div class=\"elementor-element elementor-element-29a8773 elementor-widget__width-inherit elementor-widget elementor-widget-text-editor\" data-id=\"29a8773\" data-element_type=\"widget\" data-widget_type=\"text-editor.default\">\n\t\t\t\t<div class=\"elementor-widget-container\">\n\t\t\t\t\t\t\t\t\t<p><strong>Aqu\u00ed teniu un mapa d&#039;on trobar-lo<\/strong>\u00a0Trobareu tota la nostra gamma de productes en els establiments seg\u00fcents!<\/p><p>\u00a0<\/p>\t\t\t\t\t\t\t\t<\/div>\n\t\t\t\t<\/div>\n\t\t\t\t\t<\/div>\n\t\t\t\t<\/div>\n\t\t<div class=\"elementor-element elementor-element-7b69122 e-flex e-con-boxed e-con e-parent\" data-id=\"7b69122\" data-element_type=\"container\">\n\t\t\t\t\t<div class=\"e-con-inner\">\n\t\t\t\t<div class=\"elementor-element elementor-element-0a0789e elementor-widget elementor-widget-html\" data-id=\"0a0789e\" data-element_type=\"widget\" data-widget_type=\"html.default\">\n\t\t\t\t<div class=\"elementor-widget-container\">\n\t\t\t\t\t<iframe src=\"https:\/\/www.google.com\/maps\/d\/embed?mid=1jRD8L-cYtPEN36rzv33VsZJzXAj9CHU&amp;ehbc=2E312F\" style=\"width:100%; height:600px;\"><\/iframe>\t\t\t\t<\/div>\n\t\t\t\t<\/div>\n\t\t\t\t\t<\/div>\n\t\t\t\t<\/div>\n\t\t<div class=\"elementor-element elementor-element-a8d158d e-flex e-con-boxed e-con e-parent\" data-id=\"a8d158d\" data-element_type=\"container\">\n\t\t\t\t\t<div class=\"e-con-inner\">\n\t\t\t\t<div class=\"elementor-element elementor-element-67e6df5 elementor-widget elementor-widget-heading\" data-id=\"67e6df5\" data-element_type=\"widget\" data-widget_type=\"heading.default\">\n\t\t\t\t<div class=\"elementor-widget-container\">\n\t\t\t\t\t<h2 class=\"elementor-heading-title elementor-size-default\">\u00a1Cont\u00e1cta directament amb nosaltres Oli Puig!<\/h2>\t\t\t\t<\/div>\n\t\t\t\t<\/div>\n\t\t\t\t<div class=\"elementor-element elementor-element-baf198e elementor-widget__width-inherit elementor-widget elementor-widget-text-editor\" data-id=\"baf198e\" data-element_type=\"widget\" data-widget_type=\"text-editor.default\">\n\t\t\t\t<div class=\"elementor-widget-container\">\n\t\t\t\t\t\t\t\t\t<p><strong>Tens alguna pregunta sobre els nostres productes, ets un distribu\u00efdor possible? Vols saber-ne m\u00e9s sobre OLI EL PUIG?<\/strong>\u00a0Contacta'ns ara mateix per correu electr\u00f2nic, tel\u00e8fon o completant el nostre formulari de contacte i estarem encantats d'ajudar-te!<\/p>\t\t\t\t\t\t\t\t<\/div>\n\t\t\t\t<\/div>\n\t\t\t\t\t<\/div>\n\t\t\t\t<\/div>\n\t\t<div class=\"elementor-element elementor-element-e55cc6e e-flex e-con-boxed e-con e-parent\" data-id=\"e55cc6e\" data-element_type=\"container\">\n\t\t\t\t\t<div class=\"e-con-inner\">\n\t\t<div class=\"elementor-element elementor-element-ba22ff8 e-con-full e-flex e-con e-child\" data-id=\"ba22ff8\" data-element_type=\"container\" data-settings=\"{&quot;background_background&quot;:&quot;classic&quot;}\">\n\t\t\t\t<div class=\"elementor-element elementor-element-3bded0c elementor-widget elementor-widget-heading\" data-id=\"3bded0c\" data-element_type=\"widget\" data-widget_type=\"heading.default\">\n\t\t\t\t<div class=\"elementor-widget-container\">\n\t\t\t\t\t<h2 class=\"elementor-heading-title elementor-size-default\">Empleneu el formulari:<\/h2>\t\t\t\t<\/div>\n\t\t\t\t<\/div>\n\t\t\t\t<div class=\"elementor-element elementor-element-f53cd8e elementor-widget elementor-widget-shortcode\" data-id=\"f53cd8e\" data-element_type=\"widget\" data-widget_type=\"shortcode.default\">\n\t\t\t\t<div class=\"elementor-widget-container\">\n\t\t\t\t\t\t\t<div class=\"elementor-shortcode\">\n<div class=\"wpcf7 no-js\" id=\"wpcf7-f1867-o1\" lang=\"en-US\" dir=\"ltr\" data-wpcf7-id=\"1867\">\n<div class=\"screen-reader-response\"><p role=\"status\" aria-live=\"polite\" aria-atomic=\"true\"><\/p> <ul><\/ul><\/div>\n<form action=\"\/ca\/wp-json\/wp\/v2\/pages\/1199#wpcf7-f1867-o1\" method=\"post\" class=\"wpcf7-form init\" aria-label=\"Contact form\" novalidate=\"novalidate\" data-status=\"init\" data-trp-original-action=\"\/ca\/wp-json\/wp\/v2\/pages\/1199#wpcf7-f1867-o1\">\n<div style=\"display: none;\">\n<input type=\"hidden\" name=\"_wpcf7\" value=\"1867\" \/>\n<input type=\"hidden\" name=\"_wpcf7_version\" value=\"6.0.6\" \/>\n<input type=\"hidden\" name=\"_wpcf7_locale\" value=\"en_US\" \/>\n<input type=\"hidden\" name=\"_wpcf7_unit_tag\" value=\"wpcf7-f1867-o1\" \/>\n<input type=\"hidden\" name=\"_wpcf7_container_post\" value=\"0\" \/>\n<input type=\"hidden\" name=\"_wpcf7_posted_data_hash\" value=\"\" \/>\n<\/div>\n<div class=\"contact__form__area\">\n\t<div class=\"row\">\n\t\t<div class=\"col-md-6\">\n\t\t\t<div class=\"st-form-control\">\n\t\t\t\t<p><span class=\"wpcf7-form-control-wrap\" data-name=\"text-753\"><input size=\"40\" maxlength=\"400\" class=\"wpcf7-form-control wpcf7-text wpcf7-validates-as-required form-control\" aria-required=\"true\" aria-invalid=\"false\" placeholder=\"El teu nom\" value=\"\" type=\"text\" name=\"text-753\" \/><\/span>\n\t\t\t\t<\/p>\n\t\t\t<\/div>\n\t\t<\/div>\n\t\t<div class=\"col-md-6\">\n\t\t\t<div class=\"st-form-control\">\n\t\t\t\t<p><span class=\"wpcf7-form-control-wrap\" data-name=\"email-936\"><input size=\"40\" maxlength=\"400\" class=\"wpcf7-form-control wpcf7-email wpcf7-validates-as-required wpcf7-text wpcf7-validates-as-email form-control\" aria-required=\"true\" aria-invalid=\"false\" placeholder=\"El teu correu electr\u00f2nic\" value=\"\" type=\"email\" name=\"email-936\" \/><\/span>\n\t\t\t\t<\/p>\n\t\t\t<\/div>\n\t\t<\/div>\n\t\t<div class=\"col-md-6\">\n\t\t\t<div class=\"st-form-control\">\n\t\t\t\t<p><span class=\"wpcf7-form-control-wrap\" data-name=\"text-472\"><input size=\"40\" maxlength=\"400\" class=\"wpcf7-form-control wpcf7-text wpcf7-validates-as-required form-control\" aria-required=\"true\" aria-invalid=\"false\" placeholder=\"Vostre n\u00famero de tel\u00e8fon\" value=\"\" type=\"text\" name=\"text-472\" \/><\/span>\n\t\t\t\t<\/p>\n\t\t\t<\/div>\n\t\t<\/div>\n\t\t<div class=\"col-md-6\">\n\t\t\t<div class=\"st-form-control\">\n\t\t\t\t<p><span class=\"wpcf7-form-control-wrap\" data-name=\"select-294\"><select class=\"wpcf7-form-control wpcf7-select form-control\" aria-invalid=\"false\" name=\"select-294\"><option value=\"Cliente\">Client<\/option><option value=\"Distribuidor\">Distribu\u00efdor<\/option><option value=\"Otros\">Altres<\/option><\/select><\/span>\n\t\t\t\t<\/p>\n\t\t\t<\/div>\n\t\t<\/div>\n\t\t<div class=\"col-md-12\">\n\t\t\t<div class=\"st-form-control\">\n\t\t\t\t<p><span class=\"wpcf7-form-control-wrap\" data-name=\"textarea-802\"><textarea cols=\"40\" rows=\"10\" maxlength=\"2000\" class=\"wpcf7-form-control wpcf7-textarea wpcf7-validates-as-required form-control\" aria-required=\"true\" aria-invalid=\"false\" placeholder=\"Com et podem ajudar?\" name=\"textarea-802\"><\/textarea><\/span>\n\t\t\t\t<\/p>\n\t\t\t<\/div>\n\t\t<\/div>\n\t\t<div class=\"col-md-12\">\n\t\t\t<div class=\"contact__submit__btn\">\n\t\t\t\t<p><input class=\"wpcf7-form-control wpcf7-submit has-spinner ctn-button form-control\" type=\"submit\" value=\"Enviar\" \/>\n\t\t\t\t<\/p>\n\t\t\t<\/div>\n\t\t<\/div>\n\t<\/div>\n<\/div><div class=\"wpcf7-response-output\" aria-hidden=\"true\"><\/div>\n<input type=\"hidden\" name=\"trp-form-language\" value=\"ca\"\/><\/form>\n<\/div>\n<\/div>\n\t\t\t\t\t\t<\/div>\n\t\t\t\t<\/div>\n\t\t\t\t<\/div>\n\t\t<div class=\"elementor-element elementor-element-d5aade3 e-con-full e-flex e-con e-child\" data-id=\"d5aade3\" data-element_type=\"container\">\n\t\t\t\t<div class=\"elementor-element elementor-element-bb17233 elementor-widget elementor-widget-google_maps\" data-id=\"bb17233\" data-element_type=\"widget\" data-widget_type=\"google_maps.default\">\n\t\t\t\t<div class=\"elementor-widget-container\">\n\t\t\t\t\t\t\t<div class=\"elementor-custom-embed\">\n\t\t\t<iframe loading=\"lazy\"\n\t\t\t\t\tsrc=\"https:\/\/maps.google.com\/maps?q=Cami%20Can%20Puig%2C%20El%20Papiol&#038;t=m&#038;z=10&#038;output=embed&#038;iwloc=near\"\n\t\t\t\t\ttitle=\"Cami Can Puig, El Papiol\"\n\t\t\t\t\taria-label=\"Cami Can Puig, El Papiol\"\n\t\t\t><\/iframe>\n\t\t<\/div>\n\t\t\t\t\t\t<\/div>\n\t\t\t\t<\/div>\n\t\t\t\t<\/div>\n\t\t\t\t\t<\/div>\n\t\t\t\t<\/div>\n\t\t<div class=\"elementor-element elementor-element-0b1c589 e-flex e-con-boxed e-con e-parent\" data-id=\"0b1c589\" data-element_type=\"container\">\n\t\t\t\t\t<div class=\"e-con-inner\">\n\t\t<div class=\"elementor-element elementor-element-0cb11bb e-con-full e-flex e-con e-child\" data-id=\"0cb11bb\" data-element_type=\"container\">\n\t\t\t\t<div class=\"elementor-element elementor-element-0fd3af8 elementor-view-default elementor-position-top elementor-mobile-position-top elementor-widget elementor-widget-icon-box\" data-id=\"0fd3af8\" data-element_type=\"widget\" data-widget_type=\"icon-box.default\">\n\t\t\t\t<div class=\"elementor-widget-container\">\n\t\t\t\t\t\t\t<div class=\"elementor-icon-box-wrapper\">\n\n\t\t\t\t\t\t<div class=\"elementor-icon-box-icon\">\n\t\t\t\t<span  class=\"elementor-icon\">\n\t\t\t\t<i aria-hidden=\"true\" class=\"flaticon flaticon-map\"><\/i>\t\t\t\t<\/span>\n\t\t\t<\/div>\n\t\t\t\n\t\t\t\t\t\t<div class=\"elementor-icon-box-content\">\n\n\t\t\t\t\t\t\t\t\t<h3 class=\"elementor-icon-box-title\">\n\t\t\t\t\t\t<span  >\n\t\t\t\t\t\t\tAdre\u00e7a oficines\t\t\t\t\t\t<\/span>\n\t\t\t\t\t<\/h3>\n\t\t\t\t\n\t\t\t\t\t\t\t\t\t<p class=\"elementor-icon-box-description\">\n\t\t\t\t\t\tCami Can Puig, s\/n POL\u00cdGON 6 PARCEL\u00b7LA 99 08754 El Papiol, Barcelona\t\t\t\t\t<\/p>\n\t\t\t\t\n\t\t\t<\/div>\n\t\t\t\n\t\t<\/div>\n\t\t\t\t\t\t<\/div>\n\t\t\t\t<\/div>\n\t\t\t\t<\/div>\n\t\t<div class=\"elementor-element elementor-element-06f86a3 e-con-full e-flex e-con e-child\" data-id=\"06f86a3\" data-element_type=\"container\">\n\t\t\t\t<div class=\"elementor-element elementor-element-99a4999 elementor-view-default elementor-position-top elementor-mobile-position-top elementor-widget elementor-widget-icon-box\" data-id=\"99a4999\" data-element_type=\"widget\" data-widget_type=\"icon-box.default\">\n\t\t\t\t<div class=\"elementor-widget-container\">\n\t\t\t\t\t\t\t<div class=\"elementor-icon-box-wrapper\">\n\n\t\t\t\t\t\t<div class=\"elementor-icon-box-icon\">\n\t\t\t\t<span  class=\"elementor-icon\">\n\t\t\t\t<i aria-hidden=\"true\" class=\"flaticon flaticon-call-answer\"><\/i>\t\t\t\t<\/span>\n\t\t\t<\/div>\n\t\t\t\n\t\t\t\t\t\t<div class=\"elementor-icon-box-content\">\n\n\t\t\t\t\t\t\t\t\t<h3 class=\"elementor-icon-box-title\">\n\t\t\t\t\t\t<span  >\n\t\t\t\t\t\t\tTruqueu-nos!\t\t\t\t\t\t<\/span>\n\t\t\t\t\t<\/h3>\n\t\t\t\t\n\t\t\t\t\t\t\t\t\t<p class=\"elementor-icon-box-description\">\n\t\t\t\t\t\t<a href=\"tel:+34657885133\">+34 657 885 133<\/a>\t\t\t\t\t<\/p>\n\t\t\t\t\n\t\t\t<\/div>\n\t\t\t\n\t\t<\/div>\n\t\t\t\t\t\t<\/div>\n\t\t\t\t<\/div>\n\t\t\t\t<\/div>\n\t\t<div class=\"elementor-element elementor-element-cd41979 e-con-full e-flex e-con e-child\" data-id=\"cd41979\" data-element_type=\"container\">\n\t\t\t\t<div class=\"elementor-element elementor-element-d930f07 elementor-view-default elementor-position-top elementor-mobile-position-top elementor-widget elementor-widget-icon-box\" data-id=\"d930f07\" data-element_type=\"widget\" data-widget_type=\"icon-box.default\">\n\t\t\t\t<div class=\"elementor-widget-container\">\n\t\t\t\t\t\t\t<div class=\"elementor-icon-box-wrapper\">\n\n\t\t\t\t\t\t<div class=\"elementor-icon-box-icon\">\n\t\t\t\t<span  class=\"elementor-icon\">\n\t\t\t\t<i aria-hidden=\"true\" class=\"flaticon flaticon-mail\"><\/i>\t\t\t\t<\/span>\n\t\t\t<\/div>\n\t\t\t\n\t\t\t\t\t\t<div class=\"elementor-icon-box-content\">\n\n\t\t\t\t\t\t\t\t\t<h3 class=\"elementor-icon-box-title\">\n\t\t\t\t\t\t<span  >\n\t\t\t\t\t\t\t\u00a1Contacta amb nosaltres!\t\t\t\t\t\t<\/span>\n\t\t\t\t\t<\/h3>\n\t\t\t\t\n\t\t\t\t\t\t\t\t\t<p class=\"elementor-icon-box-description\">\n\t\t\t\t\t\t<a href=\"mailto:hola@olielpuig.com\" target=\"_blank\">hola@olielpuig.com<\/a>\t\t\t\t\t<\/p>\n\t\t\t\t\n\t\t\t<\/div>\n\t\t\t\n\t\t<\/div>\n\t\t\t\t\t\t<\/div>\n\t\t\t\t<\/div>\n\t\t\t\t<\/div>\n\t\t\t\t\t<\/div>\n\t\t\t\t<\/div>\n\t\t\t\t<\/div>","protected":false},"excerpt":{"rendered":"<p>\u00bfBuscas donde comprar nuestro aceite de oliva ecol\u00f3gico? Aqu\u00ed tienes un mapa donde encontrarlo\u00a0\u00a1Encontrar\u00e1s toda nuestra gama de productos en los siguientes establecimientos! \u00a0 \u00a1Cont\u00e1cta directamente con nosotros Oli El Puig! \u00bfTienes alguna pregunta sobre nuestros productos, eres un posible distribuidor? \u00bfQuieres saber m\u00e1s sobre OLI EL PUIG?\u00a0\u00a1Cont\u00e1ctanos ahora mismo por correo electr\u00f3nico, tel\u00e9fono o [&hellip;]<\/p>","protected":false},"author":1,"featured_media":0,"parent":0,"menu_order":0,"comment_status":"closed","ping_status":"closed","template":"page-templates\/template-default.php","meta":{"footnotes":""},"class_list":["post-1199","page","type-page","status-publish","hentry"],"yoast_head":"<!-- This site is optimized with the Yoast SEO plugin v25.0 - https:\/\/yoast.com\/wordpress\/plugins\/seo\/ -->\n<title>Contacto<\/title>\n<meta name=\"robots\" content=\"index, follow, max-snippet:-1, max-image-preview:large, max-video-preview:-1\" \/>\n<link rel=\"canonical\" href=\"https:\/\/olielpuig.com\/ca\/contacte\/\" \/>\n<meta property=\"og:locale\" content=\"ca_ES\" \/>\n<meta property=\"og:type\" content=\"article\" \/>\n<meta property=\"og:title\" content=\"Contacto\" \/>\n<meta property=\"og:description\" content=\"\u00bfBuscas donde comprar nuestro aceite de oliva ecol\u00f3gico? Aqu\u00ed tienes un mapa donde encontrarlo\u00a0\u00a1Encontrar\u00e1s toda nuestra gama de productos en los siguientes establecimientos! \u00a0 \u00a1Cont\u00e1cta directamente con nosotros Oli El Puig! \u00bfTienes alguna pregunta sobre nuestros productos, eres un posible distribuidor? \u00bfQuieres saber m\u00e1s sobre OLI EL PUIG?\u00a0\u00a1Cont\u00e1ctanos ahora mismo por correo electr\u00f3nico, tel\u00e9fono o [&hellip;]\" \/>\n<meta property=\"og:url\" content=\"https:\/\/olielpuig.com\/ca\/contacte\/\" \/>\n<meta property=\"og:site_name\" content=\"Productora de aceite de oliva ecol\u00f3gico en Barcelona El Papiol\" \/>\n<meta property=\"article:modified_time\" content=\"2025-05-12T11:15:39+00:00\" \/>\n<meta name=\"twitter:card\" content=\"summary_large_image\" \/>\n<meta name=\"twitter:label1\" content=\"Temps estimat de lectura\" \/>\n\t<meta name=\"twitter:data1\" content=\"1 minut\" \/>\n<script type=\"application\/ld+json\" class=\"yoast-schema-graph\">{\"@context\":\"https:\/\/schema.org\",\"@graph\":[{\"@type\":\"WebPage\",\"@id\":\"https:\/\/olielpuig.com\/contacto\/\",\"url\":\"https:\/\/olielpuig.com\/contacto\/\",\"name\":\"Contacto\",\"isPartOf\":{\"@id\":\"https:\/\/olielpuig.com\/#website\"},\"datePublished\":\"2024-06-25T17:54:56+00:00\",\"dateModified\":\"2025-05-12T11:15:39+00:00\",\"breadcrumb\":{\"@id\":\"https:\/\/olielpuig.com\/contacto\/#breadcrumb\"},\"inLanguage\":\"ca\",\"potentialAction\":[{\"@type\":\"ReadAction\",\"target\":[\"https:\/\/olielpuig.com\/contacto\/\"]}]},{\"@type\":\"BreadcrumbList\",\"@id\":\"https:\/\/olielpuig.com\/contacto\/#breadcrumb\",\"itemListElement\":[{\"@type\":\"ListItem\",\"position\":1,\"name\":\"Portada\",\"item\":\"https:\/\/olielpuig.com\/\"},{\"@type\":\"ListItem\",\"position\":2,\"name\":\"Contacto\"}]},{\"@type\":\"WebSite\",\"@id\":\"https:\/\/olielpuig.com\/#website\",\"url\":\"https:\/\/olielpuig.com\/\",\"name\":\"Productora de aceite de oliva ecol\u00f3gico en Barcelona El Papiol\",\"description\":\"En OLI EL PUIG, Productora de aceite de oliva en barcelona El Papiol, nos enorgullece presentarte un producto excepcional: nuestro aceite ecol\u00f3gico de oliva virgen extra, elaborado con esmero y pasi\u00f3n en las id\u00edlicas tierras de la Serra de Collserola, en El Papiol, Barcelona. Desde nuestros modestos comienzos plantando unos cuantos olivos, hemos cultivado y perfeccionado nuestro arte hasta convertirnos en referentes en la producci\u00f3n de aceite de calidad superior.\",\"potentialAction\":[{\"@type\":\"SearchAction\",\"target\":{\"@type\":\"EntryPoint\",\"urlTemplate\":\"https:\/\/olielpuig.com\/?s={search_term_string}\"},\"query-input\":{\"@type\":\"PropertyValueSpecification\",\"valueRequired\":true,\"valueName\":\"search_term_string\"}}],\"inLanguage\":\"ca\"}]}<\/script>\n<!-- \/ Yoast SEO plugin. -->","yoast_head_json":{"title":"Contacto","robots":{"index":"index","follow":"follow","max-snippet":"max-snippet:-1","max-image-preview":"max-image-preview:large","max-video-preview":"max-video-preview:-1"},"canonical":"https:\/\/olielpuig.com\/ca\/contacte\/","og_locale":"ca_ES","og_type":"article","og_title":"Contacto","og_description":"\u00bfBuscas donde comprar nuestro aceite de oliva ecol\u00f3gico? Aqu\u00ed tienes un mapa donde encontrarlo\u00a0\u00a1Encontrar\u00e1s toda nuestra gama de productos en los siguientes establecimientos! \u00a0 \u00a1Cont\u00e1cta directamente con nosotros Oli El Puig! \u00bfTienes alguna pregunta sobre nuestros productos, eres un posible distribuidor? \u00bfQuieres saber m\u00e1s sobre OLI EL PUIG?\u00a0\u00a1Cont\u00e1ctanos ahora mismo por correo electr\u00f3nico, tel\u00e9fono o [&hellip;]","og_url":"https:\/\/olielpuig.com\/ca\/contacte\/","og_site_name":"Productora de aceite de oliva ecol\u00f3gico en Barcelona El Papiol","article_modified_time":"2025-05-12T11:15:39+00:00","twitter_card":"summary_large_image","twitter_misc":{"Temps estimat de lectura":"1 minut"},"schema":{"@context":"https:\/\/schema.org","@graph":[{"@type":"WebPage","@id":"https:\/\/olielpuig.com\/contacto\/","url":"https:\/\/olielpuig.com\/contacto\/","name":"Contacto","isPartOf":{"@id":"https:\/\/olielpuig.com\/#website"},"datePublished":"2024-06-25T17:54:56+00:00","dateModified":"2025-05-12T11:15:39+00:00","breadcrumb":{"@id":"https:\/\/olielpuig.com\/contacto\/#breadcrumb"},"inLanguage":"ca","potentialAction":[{"@type":"ReadAction","target":["https:\/\/olielpuig.com\/contacto\/"]}]},{"@type":"BreadcrumbList","@id":"https:\/\/olielpuig.com\/contacto\/#breadcrumb","itemListElement":[{"@type":"ListItem","position":1,"name":"Portada","item":"https:\/\/olielpuig.com\/"},{"@type":"ListItem","position":2,"name":"Contacto"}]},{"@type":"WebSite","@id":"https:\/\/olielpuig.com\/#website","url":"https:\/\/olielpuig.com\/","name":"Productora de aceite de oliva ecol\u00f3gico en Barcelona El Papiol","description":"En OLI EL PUIG, Productora de aceite de oliva en barcelona El Papiol, nos enorgullece presentarte un producto excepcional: nuestro aceite ecol\u00f3gico de oliva virgen extra, elaborado con esmero y pasi\u00f3n en las id\u00edlicas tierras de la Serra de Collserola, en El Papiol, Barcelona. Desde nuestros modestos comienzos plantando unos cuantos olivos, hemos cultivado y perfeccionado nuestro arte hasta convertirnos en referentes en la producci\u00f3n de aceite de calidad superior.","potentialAction":[{"@type":"SearchAction","target":{"@type":"EntryPoint","urlTemplate":"https:\/\/olielpuig.com\/?s={search_term_string}"},"query-input":{"@type":"PropertyValueSpecification","valueRequired":true,"valueName":"search_term_string"}}],"inLanguage":"ca"}]}},"_links":{"self":[{"href":"https:\/\/olielpuig.com\/ca\/wp-json\/wp\/v2\/pages\/1199","targetHints":{"allow":["GET"]}}],"collection":[{"href":"https:\/\/olielpuig.com\/ca\/wp-json\/wp\/v2\/pages"}],"about":[{"href":"https:\/\/olielpuig.com\/ca\/wp-json\/wp\/v2\/types\/page"}],"author":[{"embeddable":true,"href":"https:\/\/olielpuig.com\/ca\/wp-json\/wp\/v2\/users\/1"}],"replies":[{"embeddable":true,"href":"https:\/\/olielpuig.com\/ca\/wp-json\/wp\/v2\/comments?post=1199"}],"version-history":[{"count":23,"href":"https:\/\/olielpuig.com\/ca\/wp-json\/wp\/v2\/pages\/1199\/revisions"}],"predecessor-version":[{"id":2245,"href":"https:\/\/olielpuig.com\/ca\/wp-json\/wp\/v2\/pages\/1199\/revisions\/2245"}],"wp:attachment":[{"href":"https:\/\/olielpuig.com\/ca\/wp-json\/wp\/v2\/media?parent=1199"}],"curies":[{"name":"wp","href":"https:\/\/api.w.org\/{rel}","templated":true}]}}