{"id":1184,"date":"2024-06-25T17:50:53","date_gmt":"2024-06-25T17:50:53","guid":{"rendered":"https:\/\/wp.pureit.pw\/techsen\/?page_id=1184"},"modified":"2025-04-25T21:15:20","modified_gmt":"2025-04-25T19:15:20","slug":"punts-venda-oli-oliva-gourmet","status":"publish","type":"page","link":"https:\/\/olielpuig.com\/ca\/punts-venda-oli-oliva-gourmet\/","title":{"rendered":"Punts de venda"},"content":{"rendered":"<div data-elementor-type=\"wp-page\" data-elementor-id=\"1184\" class=\"elementor elementor-1184\" data-elementor-post-type=\"page\">\n\t\t\t\t<div class=\"elementor-element elementor-element-d63ce9a e-flex e-con-boxed e-con e-parent\" data-id=\"d63ce9a\" data-element_type=\"container\">\n\t\t\t\t\t<div class=\"e-con-inner\">\n\t\t\t\t<div class=\"elementor-element elementor-element-10db96c elementor-widget elementor-widget-sectiontitle\" data-id=\"10db96c\" data-element_type=\"widget\" data-widget_type=\"sectiontitle.default\">\n\t\t\t\t<div class=\"elementor-widget-container\">\n\t\t\t\t\t\r\n\t\t\t\t\t<div class=\"section-title style-one t_center\">\r\n                 \r\n                        <h5>Punts de venda<\/h5>\r\n                \t\t\t\t\r\n\t\t\t\t  \r\n                       <h1 class=\"text-anime-style-3\">Distribu\u00efdors d\u00b4oli d\u00b4oliva ecol\u00f2gic<\/h1>\r\n                \t\t\t\t\r\n                \t\t\t<\/div>\t\r\n\r\n\t\t\r\n\t\t\t\t\t\t<\/div>\n\t\t\t\t<\/div>\n\t\t\t\t\t<\/div>\n\t\t\t\t<\/div>\n\t\t<div class=\"elementor-element elementor-element-55b1a8d e-flex e-con-boxed e-con e-parent\" data-id=\"55b1a8d\" data-element_type=\"container\">\n\t\t\t\t\t<div class=\"e-con-inner\">\n\t\t<div class=\"elementor-element elementor-element-5e92d7e e-con-full e-flex e-con e-child\" data-id=\"5e92d7e\" data-element_type=\"container\">\n\t\t\t\t<div class=\"elementor-element elementor-element-d9fa21a elementor-widget elementor-widget-pureitteam\" data-id=\"d9fa21a\" data-element_type=\"widget\" data-widget_type=\"pureitteam.default\">\n\t\t\t\t<div class=\"elementor-widget-container\">\n\t\t\t\t\t\r\n        \r\n        <!-- Start Team Style Two -->\r\n        <div class=\"pi-team-single-two\">\r\n            \r\n            <div class=\"pi-team-thumb-two\">\r\n                <img decoding=\"async\" src=\"https:\/\/olielpuig.com\/wp-content\/uploads\/2025\/04\/charter.jpg\" alt=\"\">\r\n            <\/div>\r\n            <div class=\"pi-team-content-two\">\r\n                <h2>\r\n                    Supermercats Charter                <\/h2>\r\n                <span>Pla\u00e7a d&#039;antoni Gaud\u00ed, 1, 08754 El Papiol, Barcelona +34 936 73 02 32 www.consum.es<\/span>\r\n\r\n                <!-- Description Show -->\r\n                                <!-- Description Show -->\r\n            <\/div>\r\n                <!-- Social Icon -->\r\n                                            <div class=\"pi-social-profiles-two\">\r\n                         <ul>\r\n                                                            <li>\r\n                                    <a href=\"https:\/\/www.facebook.com\/FranquiciaCharter\/\"><i aria-hidden=\"true\" class=\"flaticon flaticon-facebook-4\"><\/i><\/i><\/a>\r\n                                <\/li>\r\n                                                            <li>\r\n                                    <a href=\"https:\/\/www.instagram.com\/charterbarcelona\/\"><i aria-hidden=\"true\" class=\"flaticon flaticon-instagram-logo\"><\/i><\/i><\/a>\r\n                                <\/li>\r\n                                                            <li>\r\n                                    <a href=\"tel:936730232\"><i aria-hidden=\"true\" class=\"flaticon flaticon-phone-call\"><\/i><\/i><\/a>\r\n                                <\/li>\r\n                                                            <li>\r\n                                    <a href=\"https:\/\/www.consum.es\"><i aria-hidden=\"true\" class=\"flaticon flaticon-internet\"><\/i><\/i><\/a>\r\n                                <\/li>\r\n                                                    <\/ul>\r\n                    <\/div>\r\n                                <!-- Social Icon -->\r\n         <\/div> <!-- Single Team -->\r\n   \r\n     \r\n        <!-- End Team Style Two -->\r\n\r\n        <!-- Style Three -->\r\n                \t\t\t\t<\/div>\n\t\t\t\t<\/div>\n\t\t\t\t<\/div>\n\t\t<div class=\"elementor-element elementor-element-a74d824 e-con-full e-flex e-con e-child\" data-id=\"a74d824\" data-element_type=\"container\">\n\t\t\t\t<div class=\"elementor-element elementor-element-a44325b elementor-widget elementor-widget-pureitteam\" data-id=\"a44325b\" data-element_type=\"widget\" data-widget_type=\"pureitteam.default\">\n\t\t\t\t<div class=\"elementor-widget-container\">\n\t\t\t\t\t\r\n        \r\n        <!-- Start Team Style Two -->\r\n        <div class=\"pi-team-single-two\">\r\n            \r\n            <div class=\"pi-team-thumb-two\">\r\n                <img decoding=\"async\" src=\"https:\/\/olielpuig.com\/wp-content\/uploads\/2025\/04\/107593790_580155465866503_4944367756089987529_n.jpg\" alt=\"\">\r\n            <\/div>\r\n            <div class=\"pi-team-content-two\">\r\n                <h2>\r\n                    \u00c0pats                <\/h2>\r\n                <span>Carrer del Trull, 5, 08754 El Papiol, Barcelona <br\/> +34 659 99 66 99<\/span>\r\n\r\n                <!-- Description Show -->\r\n                                <!-- Description Show -->\r\n            <\/div>\r\n                <!-- Social Icon -->\r\n                                            <div class=\"pi-social-profiles-two\">\r\n                         <ul>\r\n                                                            <li>\r\n                                    <a href=\"https:\/\/www.facebook.com\/elsnostresapats\/?locale=es_LA\"><i aria-hidden=\"true\" class=\"flaticon flaticon-facebook-4\"><\/i><\/i><\/a>\r\n                                <\/li>\r\n                                                            <li>\r\n                                    <a href=\"https:\/\/wa.me\/34659996699\"><i aria-hidden=\"true\" class=\"flaticon flaticon-whatsapp-1\"><\/i><\/i><\/a>\r\n                                <\/li>\r\n                                                            <li>\r\n                                    <a href=\"tel:34659996699\"><i aria-hidden=\"true\" class=\"flaticon flaticon-phone-call\"><\/i><\/i><\/a>\r\n                                <\/li>\r\n                                                    <\/ul>\r\n                    <\/div>\r\n                                <!-- Social Icon -->\r\n         <\/div> <!-- Single Team -->\r\n   \r\n     \r\n        <!-- End Team Style Two -->\r\n\r\n        <!-- Style Three -->\r\n                \t\t\t\t<\/div>\n\t\t\t\t<\/div>\n\t\t\t\t<\/div>\n\t\t<div class=\"elementor-element elementor-element-5b381ab e-con-full e-flex e-con e-child\" data-id=\"5b381ab\" data-element_type=\"container\">\n\t\t\t\t<div class=\"elementor-element elementor-element-3a836d8 elementor-widget elementor-widget-pureitteam\" data-id=\"3a836d8\" data-element_type=\"widget\" data-widget_type=\"pureitteam.default\">\n\t\t\t\t<div class=\"elementor-widget-container\">\n\t\t\t\t\t\r\n        \r\n        <!-- Start Team Style Two -->\r\n        <div class=\"pi-team-single-two\">\r\n            \r\n            <div class=\"pi-team-thumb-two\">\r\n                <img decoding=\"async\" src=\"https:\/\/olielpuig.com\/wp-content\/uploads\/2025\/04\/agrollavor.png\" alt=\"\">\r\n            <\/div>\r\n            <div class=\"pi-team-content-two\">\r\n                <h2>\r\n                    Agrollavor                <\/h2>\r\n                <span>Carrer de Foment, 7, 08750 Molins de Rei, Barcelona +34 936 68 11 44 <br\/>www.agrollavor.com<\/span>\r\n\r\n                <!-- Description Show -->\r\n                                <!-- Description Show -->\r\n            <\/div>\r\n                <!-- Social Icon -->\r\n                                            <div class=\"pi-social-profiles-two\">\r\n                         <ul>\r\n                                                            <li>\r\n                                    <a href=\"https:\/\/www.facebook.com\/agrollavor\/\"><i aria-hidden=\"true\" class=\"flaticon flaticon-facebook-4\"><\/i><\/i><\/a>\r\n                                <\/li>\r\n                                                            <li>\r\n                                    <a href=\"https:\/\/www.instagram.com\/agrollavor_agrobotiga\/\"><i aria-hidden=\"true\" class=\"flaticon flaticon-instagram-logo\"><\/i><\/i><\/a>\r\n                                <\/li>\r\n                                                            <li>\r\n                                    <a href=\"tel:936681144\"><i aria-hidden=\"true\" class=\"flaticon flaticon-phone-call\"><\/i><\/i><\/a>\r\n                                <\/li>\r\n                                                            <li>\r\n                                    <a href=\"https:\/\/www.agrollavor.com\"><i aria-hidden=\"true\" class=\"flaticon flaticon-internet\"><\/i><\/i><\/a>\r\n                                <\/li>\r\n                                                    <\/ul>\r\n                    <\/div>\r\n                                <!-- Social Icon -->\r\n         <\/div> <!-- Single Team -->\r\n   \r\n     \r\n        <!-- End Team Style Two -->\r\n\r\n        <!-- Style Three -->\r\n                \t\t\t\t<\/div>\n\t\t\t\t<\/div>\n\t\t\t\t<\/div>\n\t\t\t\t\t<\/div>\n\t\t\t\t<\/div>\n\t\t<div class=\"elementor-element elementor-element-c10bfa2 e-flex e-con-boxed e-con e-parent\" data-id=\"c10bfa2\" data-element_type=\"container\">\n\t\t\t\t\t<div class=\"e-con-inner\">\n\t\t<div class=\"elementor-element elementor-element-85a1987 e-con-full e-flex e-con e-child\" data-id=\"85a1987\" data-element_type=\"container\">\n\t\t\t\t<div class=\"elementor-element elementor-element-32e9b2e elementor-widget elementor-widget-pureitteam\" data-id=\"32e9b2e\" data-element_type=\"widget\" data-widget_type=\"pureitteam.default\">\n\t\t\t\t<div class=\"elementor-widget-container\">\n\t\t\t\t\t\r\n        \r\n        <!-- Start Team Style Two -->\r\n        <div class=\"pi-team-single-two\">\r\n            \r\n            <div class=\"pi-team-thumb-two\">\r\n                <img decoding=\"async\" src=\"https:\/\/olielpuig.com\/wp-content\/uploads\/2025\/04\/herboreum.jpg\" alt=\"\">\r\n            <\/div>\r\n            <div class=\"pi-team-content-two\">\r\n                <h2>\r\n                    Herboreum                <\/h2>\r\n                <span>Carrer de Barcelona, 90, 08901 L&#039;hospitalet de Llobregat<br\/> +34 933 387 901 www.herboreum.com<\/span>\r\n\r\n                <!-- Description Show -->\r\n                                <!-- Description Show -->\r\n            <\/div>\r\n                <!-- Social Icon -->\r\n                                            <div class=\"pi-social-profiles-two\">\r\n                         <ul>\r\n                                                            <li>\r\n                                    <a href=\"https:\/\/www.instagram.com\/herboreum\/\"><i aria-hidden=\"true\" class=\"flaticon flaticon-instagram-logo\"><\/i><\/i><\/a>\r\n                                <\/li>\r\n                                                            <li>\r\n                                    <a href=\"tel:933387901\"><i aria-hidden=\"true\" class=\"flaticon flaticon-phone-call\"><\/i><\/i><\/a>\r\n                                <\/li>\r\n                                                            <li>\r\n                                    <a href=\"https:\/\/www.herboreum.com\"><i aria-hidden=\"true\" class=\"flaticon flaticon-internet\"><\/i><\/i><\/a>\r\n                                <\/li>\r\n                                                    <\/ul>\r\n                    <\/div>\r\n                                <!-- Social Icon -->\r\n         <\/div> <!-- Single Team -->\r\n   \r\n     \r\n        <!-- End Team Style Two -->\r\n\r\n        <!-- Style Three -->\r\n                \t\t\t\t<\/div>\n\t\t\t\t<\/div>\n\t\t\t\t<\/div>\n\t\t<div class=\"elementor-element elementor-element-1f20015 e-con-full e-flex e-con e-child\" data-id=\"1f20015\" data-element_type=\"container\">\n\t\t\t\t<\/div>\n\t\t<div class=\"elementor-element elementor-element-5e80ce1 e-con-full e-flex e-con e-child\" data-id=\"5e80ce1\" data-element_type=\"container\">\n\t\t\t\t<\/div>\n\t\t\t\t\t<\/div>\n\t\t\t\t<\/div>\n\t\t<div class=\"elementor-element elementor-element-3d510ed e-flex e-con-boxed e-con e-parent\" data-id=\"3d510ed\" data-element_type=\"container\">\n\t\t\t\t\t<div class=\"e-con-inner\">\n\t\t\t\t<div class=\"elementor-element elementor-element-abb3148 elementor-widget elementor-widget-pureit-button\" data-id=\"abb3148\" data-element_type=\"widget\" data-widget_type=\"pureit-button.default\">\n\t\t\t\t<div class=\"elementor-widget-container\">\n\t\t\t\t\t\r\n\t\t\t\t\r\n\t\t\t\t<div class=\"pureit-button-box style3\">\r\n\t\t\t\t\t\t\t\t\t\t\t<a class=\"pi__btn__three\" href=\"\/ca\/distribuir-aceite-oliva-ecologico\/\">\r\n\t\t\t\t\t\t\tVull ser distribu\u00efdor\t\t\t\t\t\t\t<i class=\"flaticon flaticon-right-arrow\"><\/i>\t\t\t\t\t\t\r\n\t\t\t\t\t\t<\/a>\r\n\t\t\t\t\t\t\t\t\t<\/div>\r\n\t\t\t\r\n\t\t\t\t\t<\/div>\n\t\t\t\t<\/div>\n\t\t\t\t\t<\/div>\n\t\t\t\t<\/div>\n\t\t<div class=\"elementor-element elementor-element-2977ec2 parallax-fondo e-flex e-con-boxed e-con e-parent\" data-id=\"2977ec2\" data-element_type=\"container\" data-settings=\"{&quot;background_background&quot;:&quot;classic&quot;}\">\n\t\t\t\t\t<div class=\"e-con-inner\">\n\t\t\t\t<div class=\"elementor-element elementor-element-a1a3f52 elementor-widget elementor-widget-image\" data-id=\"a1a3f52\" data-element_type=\"widget\" data-widget_type=\"image.default\">\n\t\t\t\t<div class=\"elementor-widget-container\">\n\t\t\t\t\t\t\t\t\t\t\t\t\t\t\t<img decoding=\"async\" width=\"300\" height=\"78\" src=\"https:\/\/olielpuig.com\/wp-content\/uploads\/2025\/04\/aceite_oliva-300x78.png\" class=\"attachment-medium size-medium wp-image-2024\" alt=\"\" srcset=\"https:\/\/olielpuig.com\/wp-content\/uploads\/2025\/04\/aceite_oliva-300x78.png 300w, https:\/\/olielpuig.com\/wp-content\/uploads\/2025\/04\/aceite_oliva-768x200.png 768w, https:\/\/olielpuig.com\/wp-content\/uploads\/2025\/04\/aceite_oliva.png 979w\" sizes=\"(max-width: 300px) 100vw, 300px\" \/>\t\t\t\t\t\t\t\t\t\t\t\t\t\t\t<\/div>\n\t\t\t\t<\/div>\n\t\t\t\t<div class=\"elementor-element elementor-element-be8c9ee elementor-widget__width-initial elementor-widget elementor-widget-sectiontitle\" data-id=\"be8c9ee\" data-element_type=\"widget\" data-widget_type=\"sectiontitle.default\">\n\t\t\t\t<div class=\"elementor-widget-container\">\n\t\t\t\t\t\r\n\t\t\t\t\t<div class=\"section-title style-one t_center\">\r\n                 \r\n                        <h5>A OLI EL PUIG, no nom\u00e9s ens esforcem per produir un oli excepcional, sin\u00f3 que tamb\u00e9 ens preocupem per promoure pr\u00e0ctiques sostenibles i \u00e8tiques a tota la nostra cadena de subministrament.<\/h5>\r\n                \t\t\t\t\r\n\t\t\t\t  \r\n                       <h1 class=\"text-anime-style-3\">Descobreix el sabor de l&#039;excel\u00b7l\u00e8ncia<\/h1>\r\n                \t\t\t\t\r\n                \t\t\t<\/div>\t\r\n\r\n\t\t\r\n\t\t\t\t\t\t<\/div>\n\t\t\t\t<\/div>\n\t\t\t\t\t<\/div>\n\t\t\t\t<\/div>\n\t\t<div class=\"elementor-element elementor-element-789895f e-con-full e-flex e-con e-parent\" data-id=\"789895f\" data-element_type=\"container\">\n\t\t\t\t<div class=\"elementor-element elementor-element-efdc55a elementor-widget elementor-widget-html\" data-id=\"efdc55a\" data-element_type=\"widget\" data-widget_type=\"html.default\">\n\t\t\t\t<div class=\"elementor-widget-container\">\n\t\t\t\t\t<iframe src=\"https:\/\/www.google.com\/maps\/d\/embed?mid=1jRD8L-cYtPEN36rzv33VsZJzXAj9CHU&amp;ehbc=2E312F\" style=\"width:100%; height:600px;\"><\/iframe>\t\t\t\t<\/div>\n\t\t\t\t<\/div>\n\t\t\t\t<\/div>\n\t\t<div class=\"elementor-element elementor-element-8c89eef e-flex e-con-boxed e-con e-parent\" data-id=\"8c89eef\" data-element_type=\"container\" data-settings=\"{&quot;background_background&quot;:&quot;classic&quot;}\">\n\t\t\t\t\t<div class=\"e-con-inner\">\n\t\t\t\t<div class=\"elementor-element elementor-element-8cf9d83 elementor-widget elementor-widget-sectiontitle\" data-id=\"8cf9d83\" data-element_type=\"widget\" data-widget_type=\"sectiontitle.default\">\n\t\t\t\t<div class=\"elementor-widget-container\">\n\t\t\t\t\t\r\n\t\t\t\t\t<div class=\"section-title style-one t_center\">\r\n                 \r\n                        <h5>Oli de qualitat<\/h5>\r\n                \t\t\t\t\r\n\t\t\t\t  \r\n                       <h1 class=\"text-anime-style-3\">Els nostres distribu\u00efdors<\/h1>\r\n                \t\t\t\t\r\n                \t\t\t<\/div>\t\r\n\r\n\t\t\r\n\t\t\t\t\t\t<\/div>\n\t\t\t\t<\/div>\n\t\t\t\t<div class=\"elementor-element elementor-element-81d67b0 elementor-widget elementor-widget-text-editor\" data-id=\"81d67b0\" data-element_type=\"widget\" data-widget_type=\"text-editor.default\">\n\t\t\t\t<div class=\"elementor-widget-container\">\n\t\t\t\t\t\t\t\t\t<ul><li class=\"bodytext\">A Supermercats Charter, trobar\u00e0s el nostre oli juntament amb una \u00e0mplia selecci\u00f3 de productes frescos i de qualitat. A m\u00e9s, la seva convenient ubicaci\u00f3 a El Papiol el converteix en una destinaci\u00f3 ideal per a les teves compres quotidianes.<p>D'altra banda, \u00c0pats ofereix una experi\u00e8ncia m\u00e9s personalitzada, on podr\u00e0s rebre assessorament especialitzat sobre els nostres productes i com integrar-los a la teva dieta di\u00e0ria.La dedicaci\u00f3 al servei al client garanteix una experi\u00e8ncia de compra satisfact\u00f2ria.<\/p><p>I no podem oblidar Agrollavor, un punt de venda comprom\u00e8s amb la promoci\u00f3 de productes locals i sostenibles.El seu enfocament al comer\u00e7 just i el suport als productors locals el converteix en un aliat natural per a OLI EL PUIG.<\/p><\/li><\/ul>\t\t\t\t\t\t\t\t<\/div>\n\t\t\t\t<\/div>\n\t\t\t\t\t<\/div>\n\t\t\t\t<\/div>\n\t\t\t\t<\/div>","protected":false},"excerpt":{"rendered":"<p>Puntos de venta Distribuidores aceite oliva ecol\u00f3gico Supermercats Charter Pla\u00e7a d&#8217;Antoni Gaud\u00ed, 1, 08754 El Papiol, Barcelona +34 936 73 02 32 www.consum.es \u00c0pats Carrer del Trull, 5, 08754 El Papiol, Barcelona +34 659 99 66 99 Agrollavor Carrer de Foment, 7, 08750 Molins de Rei, Barcelona +34 936 68 11 44 www.agrollavor.com Herboreum Calle [&hellip;]<\/p>","protected":false},"author":1,"featured_media":0,"parent":0,"menu_order":0,"comment_status":"closed","ping_status":"closed","template":"page-templates\/template-default.php","meta":{"footnotes":""},"class_list":["post-1184","page","type-page","status-publish","hentry"],"yoast_head":"<!-- This site is optimized with the Yoast SEO plugin v25.0 - https:\/\/yoast.com\/wordpress\/plugins\/seo\/ -->\n<title>Puntos de venta<\/title>\n<meta name=\"robots\" content=\"index, follow, max-snippet:-1, max-image-preview:large, max-video-preview:-1\" \/>\n<link rel=\"canonical\" href=\"https:\/\/olielpuig.com\/ca\/punts-venda-oli-oliva-gourmet\/\" \/>\n<meta property=\"og:locale\" content=\"ca_ES\" \/>\n<meta property=\"og:type\" content=\"article\" \/>\n<meta property=\"og:title\" content=\"Puntos de venta\" \/>\n<meta property=\"og:description\" content=\"Puntos de venta Distribuidores aceite oliva ecol\u00f3gico Supermercats Charter Pla\u00e7a d&#8217;Antoni Gaud\u00ed, 1, 08754 El Papiol, Barcelona +34 936 73 02 32 www.consum.es \u00c0pats Carrer del Trull, 5, 08754 El Papiol, Barcelona +34 659 99 66 99 Agrollavor Carrer de Foment, 7, 08750 Molins de Rei, Barcelona +34 936 68 11 44 www.agrollavor.com Herboreum Calle [&hellip;]\" \/>\n<meta property=\"og:url\" content=\"https:\/\/olielpuig.com\/ca\/punts-venda-oli-oliva-gourmet\/\" \/>\n<meta property=\"og:site_name\" content=\"Productora de aceite de oliva ecol\u00f3gico en Barcelona El Papiol\" \/>\n<meta property=\"article:modified_time\" content=\"2025-04-25T19:15:20+00:00\" \/>\n<meta property=\"og:image\" content=\"https:\/\/olielpuig.com\/wp-content\/uploads\/2025\/04\/charter.jpg\" \/>\n<meta name=\"twitter:card\" content=\"summary_large_image\" \/>\n<meta name=\"twitter:label1\" content=\"Temps estimat de lectura\" \/>\n\t<meta name=\"twitter:data1\" content=\"3 minuts\" \/>\n<script type=\"application\/ld+json\" class=\"yoast-schema-graph\">{\"@context\":\"https:\/\/schema.org\",\"@graph\":[{\"@type\":\"WebPage\",\"@id\":\"https:\/\/olielpuig.com\/puntos-venta-aceite-oliva-gourmet\/\",\"url\":\"https:\/\/olielpuig.com\/puntos-venta-aceite-oliva-gourmet\/\",\"name\":\"Puntos de venta\",\"isPartOf\":{\"@id\":\"https:\/\/olielpuig.com\/#website\"},\"primaryImageOfPage\":{\"@id\":\"https:\/\/olielpuig.com\/puntos-venta-aceite-oliva-gourmet\/#primaryimage\"},\"image\":{\"@id\":\"https:\/\/olielpuig.com\/puntos-venta-aceite-oliva-gourmet\/#primaryimage\"},\"thumbnailUrl\":\"https:\/\/olielpuig.com\/wp-content\/uploads\/2025\/04\/charter.jpg\",\"datePublished\":\"2024-06-25T17:50:53+00:00\",\"dateModified\":\"2025-04-25T19:15:20+00:00\",\"breadcrumb\":{\"@id\":\"https:\/\/olielpuig.com\/puntos-venta-aceite-oliva-gourmet\/#breadcrumb\"},\"inLanguage\":\"ca\",\"potentialAction\":[{\"@type\":\"ReadAction\",\"target\":[\"https:\/\/olielpuig.com\/puntos-venta-aceite-oliva-gourmet\/\"]}]},{\"@type\":\"ImageObject\",\"inLanguage\":\"ca\",\"@id\":\"https:\/\/olielpuig.com\/puntos-venta-aceite-oliva-gourmet\/#primaryimage\",\"url\":\"https:\/\/olielpuig.com\/wp-content\/uploads\/2025\/04\/charter.jpg\",\"contentUrl\":\"https:\/\/olielpuig.com\/wp-content\/uploads\/2025\/04\/charter.jpg\"},{\"@type\":\"BreadcrumbList\",\"@id\":\"https:\/\/olielpuig.com\/puntos-venta-aceite-oliva-gourmet\/#breadcrumb\",\"itemListElement\":[{\"@type\":\"ListItem\",\"position\":1,\"name\":\"Portada\",\"item\":\"https:\/\/olielpuig.com\/\"},{\"@type\":\"ListItem\",\"position\":2,\"name\":\"Puntos de venta\"}]},{\"@type\":\"WebSite\",\"@id\":\"https:\/\/olielpuig.com\/#website\",\"url\":\"https:\/\/olielpuig.com\/\",\"name\":\"Productora de aceite de oliva ecol\u00f3gico en Barcelona El Papiol\",\"description\":\"En OLI EL PUIG, Productora de aceite de oliva en barcelona El Papiol, nos enorgullece presentarte un producto excepcional: nuestro aceite ecol\u00f3gico de oliva virgen extra, elaborado con esmero y pasi\u00f3n en las id\u00edlicas tierras de la Serra de Collserola, en El Papiol, Barcelona. Desde nuestros modestos comienzos plantando unos cuantos olivos, hemos cultivado y perfeccionado nuestro arte hasta convertirnos en referentes en la producci\u00f3n de aceite de calidad superior.\",\"potentialAction\":[{\"@type\":\"SearchAction\",\"target\":{\"@type\":\"EntryPoint\",\"urlTemplate\":\"https:\/\/olielpuig.com\/?s={search_term_string}\"},\"query-input\":{\"@type\":\"PropertyValueSpecification\",\"valueRequired\":true,\"valueName\":\"search_term_string\"}}],\"inLanguage\":\"ca\"}]}<\/script>\n<!-- \/ Yoast SEO plugin. -->","yoast_head_json":{"title":"Puntos de venta","robots":{"index":"index","follow":"follow","max-snippet":"max-snippet:-1","max-image-preview":"max-image-preview:large","max-video-preview":"max-video-preview:-1"},"canonical":"https:\/\/olielpuig.com\/ca\/punts-venda-oli-oliva-gourmet\/","og_locale":"ca_ES","og_type":"article","og_title":"Puntos de venta","og_description":"Puntos de venta Distribuidores aceite oliva ecol\u00f3gico Supermercats Charter Pla\u00e7a d&#8217;Antoni Gaud\u00ed, 1, 08754 El Papiol, Barcelona +34 936 73 02 32 www.consum.es \u00c0pats Carrer del Trull, 5, 08754 El Papiol, Barcelona +34 659 99 66 99 Agrollavor Carrer de Foment, 7, 08750 Molins de Rei, Barcelona +34 936 68 11 44 www.agrollavor.com Herboreum Calle [&hellip;]","og_url":"https:\/\/olielpuig.com\/ca\/punts-venda-oli-oliva-gourmet\/","og_site_name":"Productora de aceite de oliva ecol\u00f3gico en Barcelona El Papiol","article_modified_time":"2025-04-25T19:15:20+00:00","og_image":[{"url":"https:\/\/olielpuig.com\/wp-content\/uploads\/2025\/04\/charter.jpg","type":"","width":"","height":""}],"twitter_card":"summary_large_image","twitter_misc":{"Temps estimat de lectura":"3 minuts"},"schema":{"@context":"https:\/\/schema.org","@graph":[{"@type":"WebPage","@id":"https:\/\/olielpuig.com\/puntos-venta-aceite-oliva-gourmet\/","url":"https:\/\/olielpuig.com\/puntos-venta-aceite-oliva-gourmet\/","name":"Puntos de venta","isPartOf":{"@id":"https:\/\/olielpuig.com\/#website"},"primaryImageOfPage":{"@id":"https:\/\/olielpuig.com\/puntos-venta-aceite-oliva-gourmet\/#primaryimage"},"image":{"@id":"https:\/\/olielpuig.com\/puntos-venta-aceite-oliva-gourmet\/#primaryimage"},"thumbnailUrl":"https:\/\/olielpuig.com\/wp-content\/uploads\/2025\/04\/charter.jpg","datePublished":"2024-06-25T17:50:53+00:00","dateModified":"2025-04-25T19:15:20+00:00","breadcrumb":{"@id":"https:\/\/olielpuig.com\/puntos-venta-aceite-oliva-gourmet\/#breadcrumb"},"inLanguage":"ca","potentialAction":[{"@type":"ReadAction","target":["https:\/\/olielpuig.com\/puntos-venta-aceite-oliva-gourmet\/"]}]},{"@type":"ImageObject","inLanguage":"ca","@id":"https:\/\/olielpuig.com\/puntos-venta-aceite-oliva-gourmet\/#primaryimage","url":"https:\/\/olielpuig.com\/wp-content\/uploads\/2025\/04\/charter.jpg","contentUrl":"https:\/\/olielpuig.com\/wp-content\/uploads\/2025\/04\/charter.jpg"},{"@type":"BreadcrumbList","@id":"https:\/\/olielpuig.com\/puntos-venta-aceite-oliva-gourmet\/#breadcrumb","itemListElement":[{"@type":"ListItem","position":1,"name":"Portada","item":"https:\/\/olielpuig.com\/"},{"@type":"ListItem","position":2,"name":"Puntos de venta"}]},{"@type":"WebSite","@id":"https:\/\/olielpuig.com\/#website","url":"https:\/\/olielpuig.com\/","name":"Productora de aceite de oliva ecol\u00f3gico en Barcelona El Papiol","description":"En OLI EL PUIG, Productora de aceite de oliva en barcelona El Papiol, nos enorgullece presentarte un producto excepcional: nuestro aceite ecol\u00f3gico de oliva virgen extra, elaborado con esmero y pasi\u00f3n en las id\u00edlicas tierras de la Serra de Collserola, en El Papiol, Barcelona. Desde nuestros modestos comienzos plantando unos cuantos olivos, hemos cultivado y perfeccionado nuestro arte hasta convertirnos en referentes en la producci\u00f3n de aceite de calidad superior.","potentialAction":[{"@type":"SearchAction","target":{"@type":"EntryPoint","urlTemplate":"https:\/\/olielpuig.com\/?s={search_term_string}"},"query-input":{"@type":"PropertyValueSpecification","valueRequired":true,"valueName":"search_term_string"}}],"inLanguage":"ca"}]}},"_links":{"self":[{"href":"https:\/\/olielpuig.com\/ca\/wp-json\/wp\/v2\/pages\/1184","targetHints":{"allow":["GET"]}}],"collection":[{"href":"https:\/\/olielpuig.com\/ca\/wp-json\/wp\/v2\/pages"}],"about":[{"href":"https:\/\/olielpuig.com\/ca\/wp-json\/wp\/v2\/types\/page"}],"author":[{"embeddable":true,"href":"https:\/\/olielpuig.com\/ca\/wp-json\/wp\/v2\/users\/1"}],"replies":[{"embeddable":true,"href":"https:\/\/olielpuig.com\/ca\/wp-json\/wp\/v2\/comments?post=1184"}],"version-history":[{"count":61,"href":"https:\/\/olielpuig.com\/ca\/wp-json\/wp\/v2\/pages\/1184\/revisions"}],"predecessor-version":[{"id":2148,"href":"https:\/\/olielpuig.com\/ca\/wp-json\/wp\/v2\/pages\/1184\/revisions\/2148"}],"wp:attachment":[{"href":"https:\/\/olielpuig.com\/ca\/wp-json\/wp\/v2\/media?parent=1184"}],"curies":[{"name":"wp","href":"https:\/\/api.w.org\/{rel}","templated":true}]}}